{"id":16,"date":"2020-05-26T16:19:51","date_gmt":"2020-05-26T14:19:51","guid":{"rendered":"http:\/\/yara.spreadlab.com\/impressum"},"modified":"2024-07-04T10:59:55","modified_gmt":"2024-07-04T08:59:55","slug":"imprint","status":"publish","type":"page","link":"https:\/\/www.yarabluemel.de\/en\/imprint","title":{"rendered":"Imprint"},"content":{"rendered":"<h2>Angaben gem\u00e4\u00df \u00a7 5 DDG<\/h2>\n<p>Yara\u00a0Bl\u00fcmel<br \/>\nSchauspielerin\u00a0&amp;\u00a0Sprecherin<br \/>\n&#8211; Adresse auf Anfrage &#8211;<\/p>\n<h2>Kontakt<\/h2>\n<p>E-Mail: &#x79;&#x40;<span class=\"oe_displaynone\">null<\/span>&#x79;&#x61;&#x72;&#x61;&#x62;&#x6c;&#x75;&#x65;&#x6d;&#x65;&#x6c;&#x2e;&#x64;&#x65;<\/p>\n<h2>Angaben zur Berufshaftpflichtversicherung<\/h2>\n<p><strong>Name\u00a0und\u00a0Sitz\u00a0des\u00a0Versicherers:<\/strong><br \/>\nHaftpflichtkasse\u00a0Darmstadt\u00a0HKD<\/p>\n<p><strong>Geltungsraum\u00a0der\u00a0Versicherung:<\/strong><br \/>\nDeutschland<\/p>\n<h2>Verantwortlich f\u00fcr den Inhalt nach \u00a7 55 Abs. 2 RStV<\/h2>\n<p>Yara\u00a0Bl\u00fcmel<br \/>\n&#8211; Adresse auf Anfrage &#8211;<\/p>\n<h2>Verbraucher\u00adstreit\u00adbeilegung \/ Universal\u00adschlichtungs\u00adstelle<\/h2>\n<p>Wir sind nicht bereit oder verpflichtet, an Streitbeilegungsverfahren vor einer Verbraucherschlichtungsstelle teilzunehmen.<\/p>\n<p>Quelle:\u00a0<a href=\"https:\/\/www.e-recht24.de\">e-recht24.de<\/a><\/p>\n<h2>Design<\/h2>\n<p>Raija Holm<br \/>\n<a href=\"https:\/\/mintgold.de\">mintgold.de<\/a><\/p>\n<h2>Umsetzung<\/h2>\n<p>Spreadlab<br \/>\n<a title=\"Moritz Limanski, freier Webdesigner aus K\u00f6ln\" href=\"https:\/\/spreadlab.com\">spreadlab.com<\/a><\/p>\n<h2>Fotos<\/h2>\n<ul class=\"nopadding\">\n<li><a href=\"https:\/\/brauers.com\/\">Sven Brauers<\/a> Rubrik Lesung, Aufmacher Foto<\/li>\n<li><a href=\"https:\/\/www.pogofoto.de\">Christian POGO Zach<\/a> Rubrik Schauspiel, Staatstheater am G\u00e4rtnerplatz M\u00fcnchen &#8220;Der Klang der ungespielten T\u00f6ne&#8221;, &#8220;Sommernachtstraum&#8221;<\/li>\n<li><a href=\"https:\/\/www.rolfbock.at\/\">Rolf Bock<\/a> Rubrik Schauspiel, Musicalfestival Schlo\u00df Prugg &#8220;Anything Goes&#8221;<\/li>\n<li><a href=\"https:\/\/www.christian-brachwitz.de\/\">Christian Brachwitz<\/a> Rubrik Schauspiel, Theater Kassel &#8220;Cabaret&#8221;<\/li>\n<li>Tine Edel Rubrik Schauspiel, Theater St. Gallen &#8220;Der Kaufmann von Venedig&#8221;, &#8220;Eine Woche\u00a0\u00a0\u00a0 voller Samstage&#8221;, &#8220;Amadeus&#8221;<\/li>\n<li>Stefan Wecker Rubrik Produktion<\/li>\n<li><a href=\"https:\/\/www.tonikueng.ch\/\">Toni K\u00fcng<\/a> Rubrik Schauspiel, Theater St. Gallen &#8220;Killing Penthesilea&#8221;<\/li>\n<li>Lukas Unseld Rubrik Schauspiel, Theater St. Gallen &#8220;Ein Sommernachtstraum&#8221;, &#8220;Peter Pan&#8221;, &#8220;Der Augenzeuge&#8221;<\/li>\n<li><a href=\"https:\/\/www.karimkhawatmi.com\/\">Karim Khawatmi<\/a> Aufmacher Fotos<\/li>\n<li><a href=\"https:\/\/www.peteradamik.de\/\">Peter Adamik<\/a> Rubrik Schauspiel, Theater des Westens Berlin &#8220;Chicago&#8221;<\/li>\n<\/ul>","protected":false},"excerpt":{"rendered":"<p>Angaben gem\u00e4\u00df \u00a7 5 DDG Yara\u00a0Bl\u00fcmel Schauspielerin\u00a0&amp;\u00a0Sprecherin &#8211; Adresse auf Anfrage &#8211; Kontakt E-Mail: &#x79;&#x40;null&#x79;&#x61;&#x72;&#x61;&#x62;&#x6c;&#x75;&#x65;&#x6d;&#x65;&#x6c;&#x2e;&#x64;&#x65; Angaben zur Berufshaftpflichtversicherung Name\u00a0und\u00a0Sitz\u00a0des\u00a0Versicherers: Haftpflichtkasse\u00a0Darmstadt\u00a0HKD Geltungsraum\u00a0der\u00a0Versicherung: Deutschland Verantwortlich f\u00fcr den Inhalt nach \u00a7 55 Abs. 2 RStV Yara\u00a0Bl\u00fcmel &#8211; Adresse auf Anfrage &#8211; Verbraucher\u00adstreit\u00adbeilegung \/ [&hellip;]<\/p>\n","protected":false},"author":1,"featured_media":0,"parent":0,"menu_order":0,"comment_status":"closed","ping_status":"closed","template":"","meta":{"_acf_changed":false,"footnotes":""},"class_list":["post-16","page","type-page","status-publish","hentry"],"acf":[],"yoast_head":"<!-- This site is optimized with the Yoast SEO plugin v26.8 - https:\/\/yoast.com\/product\/yoast-seo-wordpress\/ -->\n<title>Imprint - Yara Bl\u00fcmel<\/title>\n<meta name=\"robots\" content=\"index, follow, max-snippet:-1, max-image-preview:large, max-video-preview:-1\" \/>\n<link rel=\"canonical\" href=\"https:\/\/www.yarabluemel.de\/en\/imprint\" \/>\n<meta property=\"og:locale\" content=\"en_US\" \/>\n<meta property=\"og:type\" content=\"article\" \/>\n<meta property=\"og:title\" content=\"Imprint - Yara Bl\u00fcmel\" \/>\n<meta property=\"og:description\" content=\"Angaben gem\u00e4\u00df \u00a7 5 DDG Yara\u00a0Bl\u00fcmel Schauspielerin\u00a0&amp;\u00a0Sprecherin &#8211; Adresse auf Anfrage &#8211; Kontakt E-Mail: &#x79;&#x40;null&#x79;&#x61;&#x72;&#x61;&#x62;&#x6c;&#x75;&#x65;&#x6d;&#x65;&#x6c;&#x2e;&#x64;&#x65; Angaben zur Berufshaftpflichtversicherung Name\u00a0und\u00a0Sitz\u00a0des\u00a0Versicherers: Haftpflichtkasse\u00a0Darmstadt\u00a0HKD Geltungsraum\u00a0der\u00a0Versicherung: Deutschland Verantwortlich f\u00fcr den Inhalt nach \u00a7 55 Abs. 2 RStV Yara\u00a0Bl\u00fcmel &#8211; Adresse auf Anfrage &#8211; Verbraucher\u00adstreit\u00adbeilegung \/ [&hellip;]\" \/>\n<meta property=\"og:url\" content=\"https:\/\/www.yarabluemel.de\/en\/imprint\" \/>\n<meta property=\"og:site_name\" content=\"Yara Bl\u00fcmel\" \/>\n<meta property=\"article:modified_time\" content=\"2024-07-04T08:59:55+00:00\" \/>\n<meta property=\"og:image\" content=\"https:\/\/www.yarabluemel.de\/wp-content\/uploads\/2020\/06\/Sprechen.jpg\" \/>\n\t<meta property=\"og:image:width\" content=\"1366\" \/>\n\t<meta property=\"og:image:height\" content=\"768\" \/>\n\t<meta property=\"og:image:type\" content=\"image\/jpeg\" \/>\n<meta name=\"twitter:card\" content=\"summary_large_image\" \/>\n<meta name=\"twitter:label1\" content=\"Est. reading time\" \/>\n\t<meta name=\"twitter:data1\" content=\"1 minute\" \/>\n<script type=\"application\/ld+json\" class=\"yoast-schema-graph\">{\"@context\":\"https:\/\/schema.org\",\"@graph\":[{\"@type\":\"WebPage\",\"@id\":\"https:\/\/www.yarabluemel.de\/en\/imprint\",\"url\":\"https:\/\/www.yarabluemel.de\/en\/imprint\",\"name\":\"Imprint - Yara Bl\u00fcmel\",\"isPartOf\":{\"@id\":\"https:\/\/www.yarabluemel.de\/en#website\"},\"datePublished\":\"2020-05-26T14:19:51+00:00\",\"dateModified\":\"2024-07-04T08:59:55+00:00\",\"breadcrumb\":{\"@id\":\"https:\/\/www.yarabluemel.de\/en\/imprint#breadcrumb\"},\"inLanguage\":\"en-US\",\"potentialAction\":[{\"@type\":\"ReadAction\",\"target\":[\"https:\/\/www.yarabluemel.de\/en\/imprint\"]}]},{\"@type\":\"BreadcrumbList\",\"@id\":\"https:\/\/www.yarabluemel.de\/en\/imprint#breadcrumb\",\"itemListElement\":[{\"@type\":\"ListItem\",\"position\":1,\"name\":\"Startseite\",\"item\":\"https:\/\/www.yarabluemel.de\/en\"},{\"@type\":\"ListItem\",\"position\":2,\"name\":\"Imprint\"}]},{\"@type\":\"WebSite\",\"@id\":\"https:\/\/www.yarabluemel.de\/en#website\",\"url\":\"https:\/\/www.yarabluemel.de\/en\",\"name\":\"Yara Bl\u00fcmel\",\"description\":\"Schauspielerin &amp; Sprecherin\",\"potentialAction\":[{\"@type\":\"SearchAction\",\"target\":{\"@type\":\"EntryPoint\",\"urlTemplate\":\"https:\/\/www.yarabluemel.de\/en?s={search_term_string}\"},\"query-input\":{\"@type\":\"PropertyValueSpecification\",\"valueRequired\":true,\"valueName\":\"search_term_string\"}}],\"inLanguage\":\"en-US\"}]}<\/script>\n<!-- \/ Yoast SEO plugin. -->","yoast_head_json":{"title":"Imprint - Yara Bl\u00fcmel","robots":{"index":"index","follow":"follow","max-snippet":"max-snippet:-1","max-image-preview":"max-image-preview:large","max-video-preview":"max-video-preview:-1"},"canonical":"https:\/\/www.yarabluemel.de\/en\/imprint","og_locale":"en_US","og_type":"article","og_title":"Imprint - Yara Bl\u00fcmel","og_description":"Angaben gem\u00e4\u00df \u00a7 5 DDG Yara\u00a0Bl\u00fcmel Schauspielerin\u00a0&amp;\u00a0Sprecherin &#8211; Adresse auf Anfrage &#8211; Kontakt E-Mail: &#x79;&#x40;null&#x79;&#x61;&#x72;&#x61;&#x62;&#x6c;&#x75;&#x65;&#x6d;&#x65;&#x6c;&#x2e;&#x64;&#x65; Angaben zur Berufshaftpflichtversicherung Name\u00a0und\u00a0Sitz\u00a0des\u00a0Versicherers: Haftpflichtkasse\u00a0Darmstadt\u00a0HKD Geltungsraum\u00a0der\u00a0Versicherung: Deutschland Verantwortlich f\u00fcr den Inhalt nach \u00a7 55 Abs. 2 RStV Yara\u00a0Bl\u00fcmel &#8211; Adresse auf Anfrage &#8211; Verbraucher\u00adstreit\u00adbeilegung \/ [&hellip;]","og_url":"https:\/\/www.yarabluemel.de\/en\/imprint","og_site_name":"Yara Bl\u00fcmel","article_modified_time":"2024-07-04T08:59:55+00:00","og_image":[{"width":1366,"height":768,"url":"https:\/\/www.yarabluemel.de\/wp-content\/uploads\/2020\/06\/Sprechen.jpg","type":"image\/jpeg"}],"twitter_card":"summary_large_image","twitter_misc":{"Est. reading time":"1 minute"},"schema":{"@context":"https:\/\/schema.org","@graph":[{"@type":"WebPage","@id":"https:\/\/www.yarabluemel.de\/en\/imprint","url":"https:\/\/www.yarabluemel.de\/en\/imprint","name":"Imprint - Yara Bl\u00fcmel","isPartOf":{"@id":"https:\/\/www.yarabluemel.de\/en#website"},"datePublished":"2020-05-26T14:19:51+00:00","dateModified":"2024-07-04T08:59:55+00:00","breadcrumb":{"@id":"https:\/\/www.yarabluemel.de\/en\/imprint#breadcrumb"},"inLanguage":"en-US","potentialAction":[{"@type":"ReadAction","target":["https:\/\/www.yarabluemel.de\/en\/imprint"]}]},{"@type":"BreadcrumbList","@id":"https:\/\/www.yarabluemel.de\/en\/imprint#breadcrumb","itemListElement":[{"@type":"ListItem","position":1,"name":"Startseite","item":"https:\/\/www.yarabluemel.de\/en"},{"@type":"ListItem","position":2,"name":"Imprint"}]},{"@type":"WebSite","@id":"https:\/\/www.yarabluemel.de\/en#website","url":"https:\/\/www.yarabluemel.de\/en","name":"Yara Bl\u00fcmel","description":"Schauspielerin &amp; Sprecherin","potentialAction":[{"@type":"SearchAction","target":{"@type":"EntryPoint","urlTemplate":"https:\/\/www.yarabluemel.de\/en?s={search_term_string}"},"query-input":{"@type":"PropertyValueSpecification","valueRequired":true,"valueName":"search_term_string"}}],"inLanguage":"en-US"}]}},"_links":{"self":[{"href":"https:\/\/www.yarabluemel.de\/en\/wp-json\/wp\/v2\/pages\/16","targetHints":{"allow":["GET"]}}],"collection":[{"href":"https:\/\/www.yarabluemel.de\/en\/wp-json\/wp\/v2\/pages"}],"about":[{"href":"https:\/\/www.yarabluemel.de\/en\/wp-json\/wp\/v2\/types\/page"}],"author":[{"embeddable":true,"href":"https:\/\/www.yarabluemel.de\/en\/wp-json\/wp\/v2\/users\/1"}],"replies":[{"embeddable":true,"href":"https:\/\/www.yarabluemel.de\/en\/wp-json\/wp\/v2\/comments?post=16"}],"version-history":[{"count":11,"href":"https:\/\/www.yarabluemel.de\/en\/wp-json\/wp\/v2\/pages\/16\/revisions"}],"predecessor-version":[{"id":2097,"href":"https:\/\/www.yarabluemel.de\/en\/wp-json\/wp\/v2\/pages\/16\/revisions\/2097"}],"wp:attachment":[{"href":"https:\/\/www.yarabluemel.de\/en\/wp-json\/wp\/v2\/media?parent=16"}],"curies":[{"name":"wp","href":"https:\/\/api.w.org\/{rel}","templated":true}]}}